{"id":448,"date":"2023-10-16T03:55:07","date_gmt":"2023-10-16T03:55:07","guid":{"rendered":"https:\/\/cepheienergy.com\/site\/?page_id=448"},"modified":"2023-10-20T13:20:10","modified_gmt":"2023-10-20T13:20:10","slug":"mastil","status":"publish","type":"page","link":"https:\/\/cepheienergy.com\/site\/mastil\/","title":{"rendered":"MASTIL"},"content":{"rendered":"\t\t<div data-elementor-type=\"wp-page\" data-elementor-id=\"448\" class=\"elementor elementor-448\" data-elementor-post-type=\"page\">\n\t\t\t\t\t\t<section class=\"elementor-section elementor-top-section elementor-element elementor-element-1c862ba elementor-section-boxed elementor-section-height-default elementor-section-height-default\" data-id=\"1c862ba\" data-element_type=\"section\" data-e-type=\"section\">\n\t\t\t\t\t\t<div class=\"elementor-container elementor-column-gap-default\">\n\t\t\t\t\t<div class=\"elementor-column elementor-col-100 elementor-top-column elementor-element elementor-element-cf142bc\" data-id=\"cf142bc\" data-element_type=\"column\" data-e-type=\"column\">\n\t\t\t<div class=\"elementor-widget-wrap elementor-element-populated\">\n\t\t\t\t\t\t<div class=\"elementor-element elementor-element-f9a0d7b elementor-widget elementor-widget-heading\" data-id=\"f9a0d7b\" data-element_type=\"widget\" data-e-type=\"widget\" data-widget_type=\"heading.default\">\n\t\t\t\t<div class=\"elementor-widget-container\">\n\t\t\t\t\t<h2 class=\"elementor-heading-title elementor-size-default\">LED FOCO EXTERIOR DE LUZ DE MASTIL ALTO<\/h2>\t\t\t\t<\/div>\n\t\t\t\t<\/div>\n\t\t\t\t<div class=\"elementor-element elementor-element-aea000e elementor-widget elementor-widget-image\" data-id=\"aea000e\" data-element_type=\"widget\" data-e-type=\"widget\" data-widget_type=\"image.default\">\n\t\t\t\t<div class=\"elementor-widget-container\">\n\t\t\t\t\t\t\t\t\t\t\t\t\t\t\t<img fetchpriority=\"high\" decoding=\"async\" width=\"984\" height=\"220\" src=\"https:\/\/cepheienergy.com\/site\/wp-content\/uploads\/2023\/10\/Cephie-mastil.webp\" class=\"attachment-full size-full wp-image-450\" alt=\"\" srcset=\"https:\/\/cepheienergy.com\/site\/wp-content\/uploads\/2023\/10\/Cephie-mastil.webp 984w, https:\/\/cepheienergy.com\/site\/wp-content\/uploads\/2023\/10\/Cephie-mastil-300x67.webp 300w, https:\/\/cepheienergy.com\/site\/wp-content\/uploads\/2023\/10\/Cephie-mastil-768x172.webp 768w\" sizes=\"(max-width: 984px) 100vw, 984px\" \/>\t\t\t\t\t\t\t\t\t\t\t\t\t\t\t<\/div>\n\t\t\t\t<\/div>\n\t\t\t\t<div class=\"elementor-element elementor-element-9cc0589 elementor-widget elementor-widget-text-editor\" data-id=\"9cc0589\" data-element_type=\"widget\" data-e-type=\"widget\" data-widget_type=\"text-editor.default\">\n\t\t\t\t<div class=\"elementor-widget-container\">\n\t\t\t\t\t\t\t\t\t<p>Llevamos tanto la led foco exterior\/ <strong>luz de m\u00e1stil alto<\/strong>\/luz de estadio como la iluminaci\u00f3n deportiva LED que es ideal para los estadios y arenas deportivas interiores y <strong><mark class=\"has-inline-color has-theme-palette-1-color\">exteriores<\/mark><\/strong>. Los LEDs ofrecen una serie de ventajas sobre los halogenuros met\u00e1licos tradicionales y los accesorios HID. Los LEDs est\u00e1n seguros de ahorrar dinero en costos de energ\u00eda y mantenimiento, ya que consumen menos energ\u00eda y duran 4-5 veces m\u00e1s que las luces tradicionales. Los LED tambi\u00e9n funcionan mucho m\u00e1s fr\u00edos que las bombillas HID y de haluro met\u00e1lico, lo que reduce la carga de los sistemas de aire acondicionado. Otra gran ventaja de las led foco exterior es que no zumban ni parpadean como los sistemas de iluminaci\u00f3n tradicionales<\/p>\t\t\t\t\t\t\t\t<\/div>\n\t\t\t\t<\/div>\n\t\t\t\t<div class=\"elementor-element elementor-element-0448e6d elementor-widget-divider--view-line elementor-widget elementor-widget-divider\" data-id=\"0448e6d\" data-element_type=\"widget\" data-e-type=\"widget\" data-widget_type=\"divider.default\">\n\t\t\t\t<div class=\"elementor-widget-container\">\n\t\t\t\t\t\t\t<div class=\"elementor-divider\">\n\t\t\t<span class=\"elementor-divider-separator\">\n\t\t\t\t\t\t<\/span>\n\t\t<\/div>\n\t\t\t\t\t\t<\/div>\n\t\t\t\t<\/div>\n\t\t\t\t<div class=\"elementor-element elementor-element-aba635a elementor-widget elementor-widget-heading\" data-id=\"aba635a\" data-element_type=\"widget\" data-e-type=\"widget\" data-widget_type=\"heading.default\">\n\t\t\t\t<div class=\"elementor-widget-container\">\n\t\t\t\t\t<h2 class=\"elementor-heading-title elementor-size-default\">Series M lamparas para estadios Con Salida de L\u00famenes Alta<\/h2>\t\t\t\t<\/div>\n\t\t\t\t<\/div>\n\t\t\t\t<section class=\"elementor-section elementor-inner-section elementor-element elementor-element-2449335 elementor-section-boxed elementor-section-height-default elementor-section-height-default\" data-id=\"2449335\" data-element_type=\"section\" data-e-type=\"section\">\n\t\t\t\t\t\t<div class=\"elementor-container elementor-column-gap-default\">\n\t\t\t\t\t<div class=\"elementor-column elementor-col-50 elementor-inner-column elementor-element elementor-element-90c26bb\" data-id=\"90c26bb\" data-element_type=\"column\" data-e-type=\"column\">\n\t\t\t<div class=\"elementor-widget-wrap elementor-element-populated\">\n\t\t\t\t\t\t<div class=\"elementor-element elementor-element-13fc38f elementor-widget elementor-widget-image\" data-id=\"13fc38f\" data-element_type=\"widget\" data-e-type=\"widget\" data-widget_type=\"image.default\">\n\t\t\t\t<div class=\"elementor-widget-container\">\n\t\t\t\t\t\t\t\t\t\t\t\t\t\t\t<img decoding=\"async\" width=\"1000\" height=\"1000\" src=\"https:\/\/cepheienergy.com\/site\/wp-content\/uploads\/2023\/10\/Farola-Mastil-01.webp\" class=\"attachment-large size-large wp-image-454\" alt=\"\" srcset=\"https:\/\/cepheienergy.com\/site\/wp-content\/uploads\/2023\/10\/Farola-Mastil-01.webp 1000w, https:\/\/cepheienergy.com\/site\/wp-content\/uploads\/2023\/10\/Farola-Mastil-01-300x300.webp 300w, https:\/\/cepheienergy.com\/site\/wp-content\/uploads\/2023\/10\/Farola-Mastil-01-150x150.webp 150w, https:\/\/cepheienergy.com\/site\/wp-content\/uploads\/2023\/10\/Farola-Mastil-01-768x768.webp 768w\" sizes=\"(max-width: 1000px) 100vw, 1000px\" \/>\t\t\t\t\t\t\t\t\t\t\t\t\t\t\t<\/div>\n\t\t\t\t<\/div>\n\t\t\t\t<div class=\"elementor-element elementor-element-bc18301 elementor-arrows-position-inside elementor-pagination-position-outside elementor-widget elementor-widget-image-carousel\" data-id=\"bc18301\" data-element_type=\"widget\" data-e-type=\"widget\" data-settings=\"{&quot;navigation&quot;:&quot;both&quot;,&quot;autoplay&quot;:&quot;yes&quot;,&quot;pause_on_hover&quot;:&quot;yes&quot;,&quot;pause_on_interaction&quot;:&quot;yes&quot;,&quot;autoplay_speed&quot;:5000,&quot;infinite&quot;:&quot;yes&quot;,&quot;speed&quot;:500}\" data-widget_type=\"image-carousel.default\">\n\t\t\t\t<div class=\"elementor-widget-container\">\n\t\t\t\t\t\t\t<div class=\"elementor-image-carousel-wrapper swiper\" role=\"region\" aria-roledescription=\"carousel\" aria-label=\"Carrusel de im\u00e1genes\" dir=\"ltr\">\n\t\t\t<div class=\"elementor-image-carousel swiper-wrapper\" aria-live=\"off\">\n\t\t\t\t\t\t\t\t<div class=\"swiper-slide\" role=\"group\" aria-roledescription=\"slide\" aria-label=\"1 de 4\"><figure class=\"swiper-slide-inner\"><img decoding=\"async\" class=\"swiper-slide-image\" src=\"https:\/\/cepheienergy.com\/site\/wp-content\/uploads\/2023\/10\/Farola-Mastil-01-150x150.webp\" alt=\"Farola Mastil 01\" \/><\/figure><\/div><div class=\"swiper-slide\" role=\"group\" aria-roledescription=\"slide\" aria-label=\"2 de 4\"><figure class=\"swiper-slide-inner\"><img decoding=\"async\" class=\"swiper-slide-image\" src=\"https:\/\/cepheienergy.com\/site\/wp-content\/uploads\/2023\/10\/Farola-Mastil-02-150x150.webp\" alt=\"Farola Mastil 02\" \/><\/figure><\/div><div class=\"swiper-slide\" role=\"group\" aria-roledescription=\"slide\" aria-label=\"3 de 4\"><figure class=\"swiper-slide-inner\"><img decoding=\"async\" class=\"swiper-slide-image\" src=\"https:\/\/cepheienergy.com\/site\/wp-content\/uploads\/2023\/10\/Farola-Mastil-03-150x150.webp\" alt=\"Farola Mastil 03\" \/><\/figure><\/div><div class=\"swiper-slide\" role=\"group\" aria-roledescription=\"slide\" aria-label=\"4 de 4\"><figure class=\"swiper-slide-inner\"><img decoding=\"async\" class=\"swiper-slide-image\" src=\"https:\/\/cepheienergy.com\/site\/wp-content\/uploads\/2023\/10\/Farola-Mastil-04-150x150.webp\" alt=\"Farola Mastil 04\" \/><\/figure><\/div>\t\t\t<\/div>\n\t\t\t\t\t\t\t\t\t\t\t\t<div class=\"elementor-swiper-button elementor-swiper-button-prev\" role=\"button\" tabindex=\"0\">\n\t\t\t\t\t\t<i aria-hidden=\"true\" class=\"eicon-chevron-left\"><\/i>\t\t\t\t\t<\/div>\n\t\t\t\t\t<div class=\"elementor-swiper-button elementor-swiper-button-next\" role=\"button\" tabindex=\"0\">\n\t\t\t\t\t\t<i aria-hidden=\"true\" class=\"eicon-chevron-right\"><\/i>\t\t\t\t\t<\/div>\n\t\t\t\t\n\t\t\t\t\t\t\t\t\t<div class=\"swiper-pagination\"><\/div>\n\t\t\t\t\t\t\t\t\t<\/div>\n\t\t\t\t\t\t<\/div>\n\t\t\t\t<\/div>\n\t\t\t\t\t<\/div>\n\t\t<\/div>\n\t\t\t\t<div class=\"elementor-column elementor-col-50 elementor-inner-column elementor-element elementor-element-772dca7\" data-id=\"772dca7\" data-element_type=\"column\" data-e-type=\"column\">\n\t\t\t<div class=\"elementor-widget-wrap elementor-element-populated\">\n\t\t\t\t\t\t<div class=\"elementor-element elementor-element-e299b4b elementor-tabs-view-horizontal elementor-widget elementor-widget-tabs\" data-id=\"e299b4b\" data-element_type=\"widget\" data-e-type=\"widget\" data-widget_type=\"tabs.default\">\n\t\t\t\t<div class=\"elementor-widget-container\">\n\t\t\t\t\t\t\t<div class=\"elementor-tabs\">\n\t\t\t<div class=\"elementor-tabs-wrapper\" role=\"tablist\" >\n\t\t\t\t\t\t\t\t\t<div id=\"elementor-tab-title-2371\" class=\"elementor-tab-title elementor-tab-desktop-title\" aria-selected=\"true\" data-tab=\"1\" role=\"tab\" tabindex=\"0\" aria-controls=\"elementor-tab-content-2371\" aria-expanded=\"false\">Descripci\u00f3n<\/div>\n\t\t\t\t\t\t\t\t\t<div id=\"elementor-tab-title-2372\" class=\"elementor-tab-title elementor-tab-desktop-title\" aria-selected=\"false\" data-tab=\"2\" role=\"tab\" tabindex=\"-1\" aria-controls=\"elementor-tab-content-2372\" aria-expanded=\"false\">Caracter\u00edsticas<\/div>\n\t\t\t\t\t\t\t<\/div>\n\t\t\t<div class=\"elementor-tabs-content-wrapper\" role=\"tablist\" aria-orientation=\"vertical\">\n\t\t\t\t\t\t\t\t\t<div class=\"elementor-tab-title elementor-tab-mobile-title\" aria-selected=\"true\" data-tab=\"1\" role=\"tab\" tabindex=\"0\" aria-controls=\"elementor-tab-content-2371\" aria-expanded=\"false\">Descripci\u00f3n<\/div>\n\t\t\t\t\t<div id=\"elementor-tab-content-2371\" class=\"elementor-tab-content elementor-clearfix\" data-tab=\"1\" role=\"tabpanel\" aria-labelledby=\"elementor-tab-title-2371\" tabindex=\"0\" hidden=\"false\"><p>La lamparas para estadios de la Serie M es un reflector de alta potencia dise\u00f1ado para grandes <strong>estadios<\/strong>, aeropuertos, muelles y otras \u00e1reas grandes, el flujo luminoso es de hasta 126000 lm, hay 4 \u00e1ngulos luminosos diferentes disponibles, adecuados para diferentes alturas y lugares. El hermoso dise\u00f1o de apariencia y el excelente efecto de enfriamiento de la luz de poste alto Serie M la convierten en uno de los mejores productos para campos de golf profesionales e iluminaci\u00f3n a gran escala.<\/p><\/div>\n\t\t\t\t\t\t\t\t\t<div class=\"elementor-tab-title elementor-tab-mobile-title\" aria-selected=\"false\" data-tab=\"2\" role=\"tab\" tabindex=\"-1\" aria-controls=\"elementor-tab-content-2372\" aria-expanded=\"false\">Caracter\u00edsticas<\/div>\n\t\t\t\t\t<div id=\"elementor-tab-content-2372\" class=\"elementor-tab-content elementor-clearfix\" data-tab=\"2\" role=\"tabpanel\" aria-labelledby=\"elementor-tab-title-2372\" tabindex=\"0\" hidden=\"hidden\"><ul><li>Vatios: 280W, 560W, 840W<\/li><li>Eficiencia lum\u00ednica hasta 150 lm\/w<\/li><li>IK10, IP66 a prueba de agua<\/li><li>Dispositivo de protecci\u00f3n contra sobretensiones de 10V\/20V<\/li><li>Hay una variedad de \u00e1ngulos de haz disponibles para diferentes requisitos de iluminaci\u00f3n.<\/li><li>Todo el accesorio puede ser ajustable de 0 a 360\u00ba<\/li><li>El l\u00e1piz l\u00e1ser se puede utilizar para corregir la direcci\u00f3n de la iluminaci\u00f3n durante la instalaci\u00f3n.<\/li><li>CE, ROHS certificado<\/li><li><strong>Control inteligente<\/strong>: atenuaci\u00f3n de 1-10 V, control DALI, fotoc\u00e9lula, control Zigbee\/Lora<\/li><\/ul><\/div>\n\t\t\t\t\t\t\t<\/div>\n\t\t<\/div>\n\t\t\t\t\t\t<\/div>\n\t\t\t\t<\/div>\n\t\t\t\t\t<\/div>\n\t\t<\/div>\n\t\t\t\t\t<\/div>\n\t\t<\/section>\n\t\t\t\t\t<\/div>\n\t\t<\/div>\n\t\t\t\t\t<\/div>\n\t\t<\/section>\n\t\t\t\t<\/div>\n\t\t","protected":false},"excerpt":{"rendered":"<p>LED FOCO EXTERIOR DE LUZ DE MASTIL ALTO Llevamos tanto la led foco exterior\/ luz de m\u00e1stil alto\/luz de estadio como la iluminaci\u00f3n deportiva LED que es ideal para los estadios y arenas deportivas interiores y exteriores. Los LEDs ofrecen una serie de ventajas sobre los halogenuros met\u00e1licos tradicionales y los accesorios HID. Los LEDs [&hellip;]<\/p>\n","protected":false},"author":1,"featured_media":0,"parent":0,"menu_order":0,"comment_status":"closed","ping_status":"closed","template":"","meta":{"site-sidebar-layout":"no-sidebar","site-content-layout":"","ast-site-content-layout":"full-width-container","site-content-style":"default","site-sidebar-style":"default","ast-global-header-display":"","ast-banner-title-visibility":"","ast-main-header-display":"","ast-hfb-above-header-display":"","ast-hfb-below-header-display":"","ast-hfb-mobile-header-display":"","site-post-title":"disabled","ast-breadcrumbs-content":"","ast-featured-img":"disabled","footer-sml-layout":"","ast-disable-related-posts":"","theme-transparent-header-meta":"","adv-header-id-meta":"","stick-header-meta":"","header-above-stick-meta":"","header-main-stick-meta":"","header-below-stick-meta":"","astra-migrate-meta-layouts":"default","ast-page-background-enabled":"default","ast-page-background-meta":{"desktop":{"background-color":"var(--ast-global-color-4)","background-image":"","background-repeat":"repeat","background-position":"center center","background-size":"auto","background-attachment":"scroll","background-type":"","background-media":"","overlay-type":"","overlay-color":"","overlay-opacity":"","overlay-gradient":""},"tablet":{"background-color":"","background-image":"","background-repeat":"repeat","background-position":"center center","background-size":"auto","background-attachment":"scroll","background-type":"","background-media":"","overlay-type":"","overlay-color":"","overlay-opacity":"","overlay-gradient":""},"mobile":{"background-color":"","background-image":"","background-repeat":"repeat","background-position":"center center","background-size":"auto","background-attachment":"scroll","background-type":"","background-media":"","overlay-type":"","overlay-color":"","overlay-opacity":"","overlay-gradient":""}},"ast-content-background-meta":{"desktop":{"background-color":"var(--ast-global-color-5)","background-image":"","background-repeat":"repeat","background-position":"center center","background-size":"auto","background-attachment":"scroll","background-type":"","background-media":"","overlay-type":"","overlay-color":"","overlay-opacity":"","overlay-gradient":""},"tablet":{"background-color":"var(--ast-global-color-5)","background-image":"","background-repeat":"repeat","background-position":"center center","background-size":"auto","background-attachment":"scroll","background-type":"","background-media":"","overlay-type":"","overlay-color":"","overlay-opacity":"","overlay-gradient":""},"mobile":{"background-color":"var(--ast-global-color-5)","background-image":"","background-repeat":"repeat","background-position":"center center","background-size":"auto","background-attachment":"scroll","background-type":"","background-media":"","overlay-type":"","overlay-color":"","overlay-opacity":"","overlay-gradient":""}},"footnotes":""},"class_list":["post-448","page","type-page","status-publish","hentry"],"_links":{"self":[{"href":"https:\/\/cepheienergy.com\/site\/wp-json\/wp\/v2\/pages\/448","targetHints":{"allow":["GET"]}}],"collection":[{"href":"https:\/\/cepheienergy.com\/site\/wp-json\/wp\/v2\/pages"}],"about":[{"href":"https:\/\/cepheienergy.com\/site\/wp-json\/wp\/v2\/types\/page"}],"author":[{"embeddable":true,"href":"https:\/\/cepheienergy.com\/site\/wp-json\/wp\/v2\/users\/1"}],"replies":[{"embeddable":true,"href":"https:\/\/cepheienergy.com\/site\/wp-json\/wp\/v2\/comments?post=448"}],"version-history":[{"count":7,"href":"https:\/\/cepheienergy.com\/site\/wp-json\/wp\/v2\/pages\/448\/revisions"}],"predecessor-version":[{"id":603,"href":"https:\/\/cepheienergy.com\/site\/wp-json\/wp\/v2\/pages\/448\/revisions\/603"}],"wp:attachment":[{"href":"https:\/\/cepheienergy.com\/site\/wp-json\/wp\/v2\/media?parent=448"}],"curies":[{"name":"wp","href":"https:\/\/api.w.org\/{rel}","templated":true}]}}